{"id":283,"date":"2024-06-24T21:47:14","date_gmt":"2024-06-24T21:47:14","guid":{"rendered":"https:\/\/datosfera.org\/?page_id=283"},"modified":"2024-08-29T01:41:40","modified_gmt":"2024-08-29T01:41:40","slug":"proximos-proyectos","status":"publish","type":"page","link":"https:\/\/datosfera.org\/?page_id=283","title":{"rendered":"Pr\u00f3ximos proyectos"},"content":{"rendered":"\t\t<div data-elementor-type=\"wp-page\" data-elementor-id=\"283\" class=\"elementor elementor-283\" data-elementor-post-type=\"page\">\n\t\t\t\t<div class=\"elementor-element elementor-element-cf7c850 e-flex e-con-boxed e-con e-parent\" data-id=\"cf7c850\" data-element_type=\"container\" data-e-type=\"container\" data-settings=\"{&quot;background_background&quot;:&quot;classic&quot;}\">\n\t\t\t\t\t<div class=\"e-con-inner\">\n\t\t<div class=\"elementor-element elementor-element-b2e0f82 e-con-full e-flex e-con e-child\" data-id=\"b2e0f82\" data-element_type=\"container\" data-e-type=\"container\">\n\t\t\t\t<div class=\"elementor-element elementor-element-b3f6f44 elementor-widget elementor-widget-heading\" data-id=\"b3f6f44\" data-element_type=\"widget\" data-e-type=\"widget\" data-widget_type=\"heading.default\">\n\t\t\t\t<div class=\"elementor-widget-container\">\n\t\t\t\t\t<h2 class=\"elementor-heading-title elementor-size-default\">En que actividades nos encontramos actualmente<\/h2>\t\t\t\t<\/div>\n\t\t\t\t<\/div>\n\t\t\t\t<\/div>\n\t\t\t\t<div class=\"elementor-element elementor-element-86fb68c elementor-widget elementor-widget-text-editor\" data-id=\"86fb68c\" data-element_type=\"widget\" data-e-type=\"widget\" data-widget_type=\"text-editor.default\">\n\t\t\t\t<div class=\"elementor-widget-container\">\n\t\t\t\t\t\t\t\t\t<p>En esta secci\u00f3n podr\u00e1s observar que proyectos nos encontramos realizando, en colaboraci\u00f3n o brindado apoyo y acompa\u00f1amiento, as\u00ed como cuales serian nuestras pr\u00f3ximas ideas.\u00a0<\/p>\t\t\t\t\t\t\t\t<\/div>\n\t\t\t\t<\/div>\n\t\t\t\t\t<\/div>\n\t\t\t\t<\/div>\n\t\t<div class=\"elementor-element elementor-element-9898d93 e-flex e-con-boxed e-con e-parent\" data-id=\"9898d93\" data-element_type=\"container\" data-e-type=\"container\" data-settings=\"{&quot;background_background&quot;:&quot;classic&quot;}\">\n\t\t\t\t\t<div class=\"e-con-inner\">\n\t\t<div class=\"elementor-element elementor-element-d652b14 e-con-full e-flex e-con e-child\" data-id=\"d652b14\" data-element_type=\"container\" data-e-type=\"container\">\n\t\t\t\t<div class=\"elementor-element elementor-element-afce985 elementor-widget elementor-widget-heading\" data-id=\"afce985\" data-element_type=\"widget\" data-e-type=\"widget\" data-widget_type=\"heading.default\">\n\t\t\t\t<div class=\"elementor-widget-container\">\n\t\t\t\t\t<h2 class=\"elementor-heading-title elementor-size-default\">Formulario para el festival \"UP THE PUNX\"<br>De Agosto a Noviembre del 2024<\/h2>\t\t\t\t<\/div>\n\t\t\t\t<\/div>\n\t\t\t\t<\/div>\n\t\t\t\t\t<\/div>\n\t\t\t\t<\/div>\n\t\t<div class=\"elementor-element elementor-element-de39d3b e-flex e-con-boxed e-con e-parent\" data-id=\"de39d3b\" data-element_type=\"container\" data-e-type=\"container\" data-settings=\"{&quot;background_background&quot;:&quot;classic&quot;}\">\n\t\t\t\t\t<div class=\"e-con-inner\">\n\t\t<div class=\"elementor-element elementor-element-e0b49f6 e-con-full e-flex e-con e-child\" data-id=\"e0b49f6\" data-element_type=\"container\" data-e-type=\"container\">\n\t\t\t\t<div class=\"elementor-element elementor-element-fde590f elementor-widget elementor-widget-text-editor\" data-id=\"fde590f\" data-element_type=\"widget\" data-e-type=\"widget\" data-widget_type=\"text-editor.default\">\n\t\t\t\t<div class=\"elementor-widget-container\">\n\t\t\t\t\t\t\t\t\t<p>Se realizar\u00e1 la aplicaci\u00f3n del formulario de recepci\u00f3n de entradas y validaci\u00f3n de las mismas para el festival \u00abUP THE PUNX\u00bb organizado por los colectivos \u00abPodrirecs\u00bb y \u00abRuido en la monta\u00f1a\u00bb.\u00a0<\/p><p>Este levantamiento de informaci\u00f3n se llevar\u00e1 acabo a partir del mes de agosto teniendo su finalizaci\u00f3n en noviembre del mismo a\u00f1o.\u00a0<\/p><p>El objetivo de este proyecto es dinamizar la acci\u00f3n de compra de entradas para este festival de una manera organiza, eficaz y con la capacidad de reacci\u00f3n ante novedades dentro del proceso de adquisici\u00f3n de estas entradas.\u00a0<\/p>\t\t\t\t\t\t\t\t<\/div>\n\t\t\t\t<\/div>\n\t\t\t\t<div class=\"elementor-element elementor-element-5c37fb1 elementor-widget elementor-widget-image\" data-id=\"5c37fb1\" data-element_type=\"widget\" data-e-type=\"widget\" data-widget_type=\"image.default\">\n\t\t\t\t<div class=\"elementor-widget-container\">\n\t\t\t\t\t\t\t\t\t\t\t\t\t\t\t<img fetchpriority=\"high\" decoding=\"async\" width=\"800\" height=\"554\" src=\"https:\/\/datosfera.org\/wp-content\/uploads\/2024\/08\/BASE-DE-DATOSD.png\" class=\"attachment-large size-large wp-image-493\" alt=\"\" srcset=\"https:\/\/datosfera.org\/wp-content\/uploads\/2024\/08\/BASE-DE-DATOSD.png 1023w, https:\/\/datosfera.org\/wp-content\/uploads\/2024\/08\/BASE-DE-DATOSD-300x208.png 300w, https:\/\/datosfera.org\/wp-content\/uploads\/2024\/08\/BASE-DE-DATOSD-768x532.png 768w\" sizes=\"(max-width: 800px) 100vw, 800px\" \/>\t\t\t\t\t\t\t\t\t\t\t\t\t\t\t<\/div>\n\t\t\t\t<\/div>\n\t\t\t\t<\/div>\n\t\t<div class=\"elementor-element elementor-element-ef18cba e-con-full e-flex e-con e-child\" data-id=\"ef18cba\" data-element_type=\"container\" data-e-type=\"container\">\n\t\t\t\t<div class=\"elementor-element elementor-element-e77bbaa elementor-widget elementor-widget-image\" data-id=\"e77bbaa\" data-element_type=\"widget\" data-e-type=\"widget\" data-widget_type=\"image.default\">\n\t\t\t\t<div class=\"elementor-widget-container\">\n\t\t\t\t\t\t\t\t\t\t\t\t\t\t\t<img decoding=\"async\" width=\"768\" height=\"1086\" src=\"https:\/\/datosfera.org\/wp-content\/uploads\/2024\/07\/Datosfera-Encuesta-UP-THE-PUNX-768x1086.png\" class=\"attachment-medium_large size-medium_large wp-image-443\" alt=\"\" srcset=\"https:\/\/datosfera.org\/wp-content\/uploads\/2024\/07\/Datosfera-Encuesta-UP-THE-PUNX-768x1086.png 768w, https:\/\/datosfera.org\/wp-content\/uploads\/2024\/07\/Datosfera-Encuesta-UP-THE-PUNX-212x300.png 212w, https:\/\/datosfera.org\/wp-content\/uploads\/2024\/07\/Datosfera-Encuesta-UP-THE-PUNX-724x1024.png 724w, https:\/\/datosfera.org\/wp-content\/uploads\/2024\/07\/Datosfera-Encuesta-UP-THE-PUNX-1086x1536.png 1086w, https:\/\/datosfera.org\/wp-content\/uploads\/2024\/07\/Datosfera-Encuesta-UP-THE-PUNX-1448x2048.png 1448w, https:\/\/datosfera.org\/wp-content\/uploads\/2024\/07\/Datosfera-Encuesta-UP-THE-PUNX.png 1587w\" sizes=\"(max-width: 768px) 100vw, 768px\" \/>\t\t\t\t\t\t\t\t\t\t\t\t\t\t\t<\/div>\n\t\t\t\t<\/div>\n\t\t\t\t<\/div>\n\t\t\t\t\t<\/div>\n\t\t\t\t<\/div>\n\t\t\t\t<\/div>\n\t\t","protected":false},"excerpt":{"rendered":"<p>En que actividades nos encontramos actualmente En esta secci\u00f3n podr\u00e1s observar que proyectos nos encontramos realizando, en colaboraci\u00f3n o brindado apoyo y acompa\u00f1amiento, as\u00ed como cuales serian nuestras pr\u00f3ximas ideas.\u00a0 Formulario para el festival \u00abUP THE PUNX\u00bbDe Agosto a Noviembre del 2024 Se realizar\u00e1 la aplicaci\u00f3n del formulario de recepci\u00f3n de entradas y validaci\u00f3n de [&hellip;]<\/p>\n","protected":false},"author":1,"featured_media":0,"parent":0,"menu_order":0,"comment_status":"closed","ping_status":"closed","template":"","meta":{"footnotes":""},"class_list":["post-283","page","type-page","status-publish","hentry"],"_links":{"self":[{"href":"https:\/\/datosfera.org\/index.php?rest_route=\/wp\/v2\/pages\/283","targetHints":{"allow":["GET"]}}],"collection":[{"href":"https:\/\/datosfera.org\/index.php?rest_route=\/wp\/v2\/pages"}],"about":[{"href":"https:\/\/datosfera.org\/index.php?rest_route=\/wp\/v2\/types\/page"}],"author":[{"embeddable":true,"href":"https:\/\/datosfera.org\/index.php?rest_route=\/wp\/v2\/users\/1"}],"replies":[{"embeddable":true,"href":"https:\/\/datosfera.org\/index.php?rest_route=%2Fwp%2Fv2%2Fcomments&post=283"}],"version-history":[{"count":16,"href":"https:\/\/datosfera.org\/index.php?rest_route=\/wp\/v2\/pages\/283\/revisions"}],"predecessor-version":[{"id":496,"href":"https:\/\/datosfera.org\/index.php?rest_route=\/wp\/v2\/pages\/283\/revisions\/496"}],"wp:attachment":[{"href":"https:\/\/datosfera.org\/index.php?rest_route=%2Fwp%2Fv2%2Fmedia&parent=283"}],"curies":[{"name":"wp","href":"https:\/\/api.w.org\/{rel}","templated":true}]}}